{"id":26570655,"date":"2025-10-22T15:39:02","date_gmt":"2025-10-22T15:39:02","guid":{"rendered":"http:\/\/nouveau.gitesdomainedelachapelle.com\/?page_id=26570655"},"modified":"2026-04-17T17:58:57","modified_gmt":"2026-04-17T16:58:57","slug":"bons-plans-actualites","status":"publish","type":"page","link":"https:\/\/www.gitesdomainedelachapelle.com\/es\/bons-plans-actualites\/","title":{"rendered":"Bons plans &amp; Actualit\u00e9s"},"content":{"rendered":"<p>[et_pb_section fb_built=\u00a0\u00bb1&Prime; custom_padding_last_edited=\u00a0\u00bbon|phone\u00a0\u00bb _builder_version=\u00a0\u00bb4.27.4&Prime; _module_preset=\u00a0\u00bbdefault\u00a0\u00bb custom_padding_tablet=\u00a0\u00bb\u00a0\u00bb custom_padding_phone=\u00a0\u00bb0px||||false|false\u00a0\u00bb global_colors_info=\u00a0\u00bb{}\u00a0\u00bb][et_pb_row _builder_version=\u00a0\u00bb4.27.5&Prime; _module_preset=\u00a0\u00bbdefault\u00a0\u00bb custom_padding=\u00a0\u00bb||10px||false|false\u00a0\u00bb global_colors_info=\u00a0\u00bb{}\u00a0\u00bb][et_pb_column type=\u00a0\u00bb4_4&Prime; _builder_version=\u00a0\u00bb4.20.4&Prime; _module_preset=\u00a0\u00bbdefault\u00a0\u00bb global_colors_info=\u00a0\u00bb{}\u00a0\u00bb][et_pb_text _builder_version=\u00a0\u00bb4.27.4&Prime; _module_preset=\u00a0\u00bbdefault\u00a0\u00bb header_font=\u00a0\u00bbCinzel||||||||\u00a0\u00bb header_text_align=\u00a0\u00bbcenter\u00a0\u00bb global_colors_info=\u00a0\u00bb{}\u00a0\u00bb]<\/p>\n<h1>Bon plans &amp; Actualit\u00e9s<\/h1>\n<p>[\/et_pb_text][et_pb_divider divider_weight=\u00a0\u00bb1px\u00a0\u00bb _builder_version=\u00a0\u00bb4.27.5&Prime; _module_preset=\u00a0\u00bbdefault\u00a0\u00bb width=\u00a0\u00bb135px\u00a0\u00bb module_alignment=\u00a0\u00bbcenter\u00a0\u00bb custom_margin_tablet=\u00a0\u00bb\u00a0\u00bb custom_margin_phone=\u00a0\u00bb||0px||false|false\u00a0\u00bb custom_margin_last_edited=\u00a0\u00bbon|phone\u00a0\u00bb custom_padding=\u00a0\u00bb||0px||false|false\u00a0\u00bb global_colors_info=\u00a0\u00bb{%22gcid-1c75bb9c-15dc-45bc-9c0f-99f4d78ada43%22:%91%22color%22%93}\u00a0\u00bb][\/et_pb_divider][\/et_pb_column][\/et_pb_row][et_pb_row custom_padding_last_edited=\u00a0\u00bbon|phone\u00a0\u00bb _builder_version=\u00a0\u00bb4.27.4&Prime; _module_preset=\u00a0\u00bbdefault\u00a0\u00bb width_tablet=\u00a0\u00bb\u00a0\u00bb width_phone=\u00a0\u00bb90%\u00a0\u00bb width_last_edited=\u00a0\u00bbon|phone\u00a0\u00bb custom_padding_tablet=\u00a0\u00bb0px||||false|false\u00a0\u00bb custom_padding_phone=\u00a0\u00bb0px||||false|false\u00a0\u00bb global_colors_info=\u00a0\u00bb{}\u00a0\u00bb][et_pb_column type=\u00a0\u00bb4_4&Prime; _builder_version=\u00a0\u00bb4.27.4&Prime; _module_preset=\u00a0\u00bbdefault\u00a0\u00bb global_colors_info=\u00a0\u00bb{}\u00a0\u00bb][et_pb_text _builder_version=\u00a0\u00bb4.27.5&Prime; _module_preset=\u00a0\u00bbdefault\u00a0\u00bb text_font=\u00a0\u00bbOpen Sans|300|||||||\u00a0\u00bb text_text_color=\u00a0\u00bb#000000&Prime; text_font_size=\u00a0\u00bb17px\u00a0\u00bb text_line_height=\u00a0\u00bb1.8em\u00a0\u00bb text_orientation=\u00a0\u00bbcenter\u00a0\u00bb global_colors_info=\u00a0\u00bb{}\u00a0\u00bb]<\/p>\n<p>D\u00e9couvrez nos recommandations et inspirations sur la C\u00f4te d\u2019Azur : visites incontournables, plages paradisiaques, villages proven\u00e7aux et activit\u00e9s autour de Nice, Cannes et Villeneuve-Loubet. Entre mer, soleil et art de vivre, explorez les plus belles exp\u00e9riences des Alpes-Maritimes pour un s\u00e9jour authentique et inoubliable.<\/p>\n<p>[\/et_pb_text][\/et_pb_column][\/et_pb_row][et_pb_row _builder_version=\u00a0\u00bb4.27.6&Prime; _module_preset=\u00a0\u00bbdefault\u00a0\u00bb custom_padding=\u00a0\u00bb0px||||false|false\u00a0\u00bb global_colors_info=\u00a0\u00bb{}\u00a0\u00bb][et_pb_column type=\u00a0\u00bb4_4&Prime; _builder_version=\u00a0\u00bb4.27.5&Prime; _module_preset=\u00a0\u00bbdefault\u00a0\u00bb global_colors_info=\u00a0\u00bb{}\u00a0\u00bb][et_pb_text _builder_version=\u00a0\u00bb4.27.6&Prime; _module_preset=\u00a0\u00bbdefault\u00a0\u00bb header_2_font=\u00a0\u00bbCinzel||||||||\u00a0\u00bb header_2_text_color=\u00a0\u00bb#000000&Prime; global_colors_info=\u00a0\u00bb{%22gcid-1c75bb9c-15dc-45bc-9c0f-99f4d78ada43%22:%91%22header_2_text_color__hover%22%93}\u00a0\u00bb header_2_text_color__hover=\u00a0\u00bb#c7b78a\u00a0\u00bb header_2_text_color__hover_enabled=\u00a0\u00bbon|hover\u00a0\u00bb]<\/p>\n<h2><a href=\"https:\/\/www.gitesdomainedelachapelle.com\/category\/villes-et-villages\/\">Villes &amp; Villages<\/a><\/h2>\n<p>[\/et_pb_text][et_pb_blog fullwidth=\u00a0\u00bboff\u00a0\u00bb posts_number=\u00a0\u00bb4&Prime; include_categories=\u00a0\u00bb15&Prime; show_author=\u00a0\u00bboff\u00a0\u00bb show_categories=\u00a0\u00bboff\u00a0\u00bb masonry_tile_background_color=\u00a0\u00bbgcid-1c75bb9c-15dc-45bc-9c0f-99f4d78ada43&Prime; _builder_version=\u00a0\u00bb4.27.6&Prime; _module_preset=\u00a0\u00bbdefault\u00a0\u00bb header_font=\u00a0\u00bbCinzel||||||||\u00a0\u00bb header_text_color=\u00a0\u00bb#FFFFFF\u00a0\u00bb header_font_size=\u00a0\u00bb16px\u00a0\u00bb body_font=\u00a0\u00bb&#8211;et_global_heading_font|300|||||||\u00a0\u00bb body_text_color=\u00a0\u00bb#FFFFFF\u00a0\u00bb meta_text_color=\u00a0\u00bb#FFFFFF\u00a0\u00bb global_colors_info=\u00a0\u00bb{%22gcid-f03e3bfb-6f30-4d13-ad7e-42c1343baa2e%22:%91%22header_text_color__hover%22%93,%22gcid-1c75bb9c-15dc-45bc-9c0f-99f4d78ada43%22:%91%22masonry_tile_background_color%22%93}\u00a0\u00bb header_text_color__hover_enabled=\u00a0\u00bbon|hover\u00a0\u00bb header_text_color__hover=\u00a0\u00bbgcid-f03e3bfb-6f30-4d13-ad7e-42c1343baa2e\u00a0\u00bb][\/et_pb_blog][\/et_pb_column][\/et_pb_row][et_pb_row _builder_version=\u00a0\u00bb4.27.6&Prime; _module_preset=\u00a0\u00bbdefault\u00a0\u00bb custom_padding=\u00a0\u00bb0px||||false|false\u00a0\u00bb global_colors_info=\u00a0\u00bb{}\u00a0\u00bb][et_pb_column type=\u00a0\u00bb4_4&Prime; _builder_version=\u00a0\u00bb4.27.5&Prime; _module_preset=\u00a0\u00bbdefault\u00a0\u00bb global_colors_info=\u00a0\u00bb{}\u00a0\u00bb][et_pb_text _builder_version=\u00a0\u00bb4.27.6&Prime; _module_preset=\u00a0\u00bbdefault\u00a0\u00bb header_2_font=\u00a0\u00bbCinzel||||||||\u00a0\u00bb header_2_text_color=\u00a0\u00bb#000000&Prime; global_colors_info=\u00a0\u00bb{%22gcid-1c75bb9c-15dc-45bc-9c0f-99f4d78ada43%22:%91%22header_2_text_color__hover%22%93}\u00a0\u00bb header_2_text_color__hover=\u00a0\u00bb#c7b78a\u00a0\u00bb header_2_text_color__hover_enabled=\u00a0\u00bbon|hover\u00a0\u00bb]<\/p>\n<h2><a href=\"https:\/\/www.gitesdomainedelachapelle.com\/category\/plages\">Plages<\/a><\/h2>\n<p>[\/et_pb_text][et_pb_blog fullwidth=\u00a0\u00bboff\u00a0\u00bb posts_number=\u00a0\u00bb4&Prime; include_categories=\u00a0\u00bb16&Prime; show_author=\u00a0\u00bboff\u00a0\u00bb show_categories=\u00a0\u00bboff\u00a0\u00bb masonry_tile_background_color=\u00a0\u00bbgcid-1c75bb9c-15dc-45bc-9c0f-99f4d78ada43&Prime; _builder_version=\u00a0\u00bb4.27.6&Prime; _module_preset=\u00a0\u00bbdefault\u00a0\u00bb header_font=\u00a0\u00bbCinzel||||||||\u00a0\u00bb header_text_color=\u00a0\u00bb#FFFFFF\u00a0\u00bb header_font_size=\u00a0\u00bb16px\u00a0\u00bb body_font=\u00a0\u00bb&#8211;et_global_heading_font|300|||||||\u00a0\u00bb body_text_color=\u00a0\u00bb#FFFFFF\u00a0\u00bb meta_text_color=\u00a0\u00bb#FFFFFF\u00a0\u00bb global_colors_info=\u00a0\u00bb{%22gcid-f03e3bfb-6f30-4d13-ad7e-42c1343baa2e%22:%91%22header_text_color__hover%22%93,%22gcid-1c75bb9c-15dc-45bc-9c0f-99f4d78ada43%22:%91%22masonry_tile_background_color%22%93}\u00a0\u00bb header_text_color__hover_enabled=\u00a0\u00bbon|hover\u00a0\u00bb header_text_color__hover=\u00a0\u00bbgcid-f03e3bfb-6f30-4d13-ad7e-42c1343baa2e\u00a0\u00bb][\/et_pb_blog][\/et_pb_column][\/et_pb_row][et_pb_row _builder_version=\u00a0\u00bb4.27.6&Prime; _module_preset=\u00a0\u00bbdefault\u00a0\u00bb custom_padding=\u00a0\u00bb0px||||false|false\u00a0\u00bb global_colors_info=\u00a0\u00bb{}\u00a0\u00bb][et_pb_column type=\u00a0\u00bb4_4&Prime; _builder_version=\u00a0\u00bb4.27.5&Prime; _module_preset=\u00a0\u00bbdefault\u00a0\u00bb global_colors_info=\u00a0\u00bb{}\u00a0\u00bb][et_pb_text _builder_version=\u00a0\u00bb4.27.6&Prime; _module_preset=\u00a0\u00bbdefault\u00a0\u00bb header_2_font=\u00a0\u00bbCinzel||||||||\u00a0\u00bb header_2_text_color=\u00a0\u00bb#000000&Prime; global_colors_info=\u00a0\u00bb{%22gcid-1c75bb9c-15dc-45bc-9c0f-99f4d78ada43%22:%91%22header_2_text_color__hover%22%93}\u00a0\u00bb header_2_text_color__hover_enabled=\u00a0\u00bbon|hover\u00a0\u00bb header_2_text_color__hover=\u00a0\u00bb#c7b78a\u00a0\u00bb]<\/p>\n<h2><a href=\"https:\/\/www.gitesdomainedelachapelle.com\/category\/restaurants-sorties-cote-dazur\">Restaurants &amp; Sorties<\/a><\/h2>\n<p>[\/et_pb_text][et_pb_blog fullwidth=\u00a0\u00bboff\u00a0\u00bb posts_number=\u00a0\u00bb4&Prime; include_categories=\u00a0\u00bb19&Prime; show_author=\u00a0\u00bboff\u00a0\u00bb show_categories=\u00a0\u00bboff\u00a0\u00bb masonry_tile_background_color=\u00a0\u00bbgcid-1c75bb9c-15dc-45bc-9c0f-99f4d78ada43&Prime; _builder_version=\u00a0\u00bb4.27.6&Prime; _module_preset=\u00a0\u00bbdefault\u00a0\u00bb header_font=\u00a0\u00bbCinzel||||||||\u00a0\u00bb header_text_color=\u00a0\u00bb#FFFFFF\u00a0\u00bb header_font_size=\u00a0\u00bb16px\u00a0\u00bb body_font=\u00a0\u00bb&#8211;et_global_heading_font|300|||||||\u00a0\u00bb body_text_color=\u00a0\u00bb#FFFFFF\u00a0\u00bb meta_text_color=\u00a0\u00bb#FFFFFF\u00a0\u00bb global_colors_info=\u00a0\u00bb{%22gcid-f03e3bfb-6f30-4d13-ad7e-42c1343baa2e%22:%91%22header_text_color__hover%22%93,%22gcid-1c75bb9c-15dc-45bc-9c0f-99f4d78ada43%22:%91%22masonry_tile_background_color%22%93}\u00a0\u00bb header_text_color__hover_enabled=\u00a0\u00bbon|hover\u00a0\u00bb header_text_color__hover=\u00a0\u00bbgcid-f03e3bfb-6f30-4d13-ad7e-42c1343baa2e\u00a0\u00bb][\/et_pb_blog][\/et_pb_column][\/et_pb_row][et_pb_row _builder_version=\u00a0\u00bb4.27.6&Prime; _module_preset=\u00a0\u00bbdefault\u00a0\u00bb custom_padding=\u00a0\u00bb0px||||false|false\u00a0\u00bb global_colors_info=\u00a0\u00bb{}\u00a0\u00bb][et_pb_column type=\u00a0\u00bb4_4&Prime; _builder_version=\u00a0\u00bb4.27.5&Prime; _module_preset=\u00a0\u00bbdefault\u00a0\u00bb global_colors_info=\u00a0\u00bb{}\u00a0\u00bb][et_pb_text _builder_version=\u00a0\u00bb4.27.6&Prime; _module_preset=\u00a0\u00bbdefault\u00a0\u00bb header_2_font=\u00a0\u00bbCinzel||||||||\u00a0\u00bb header_2_text_color=\u00a0\u00bb#000000&Prime; hover_enabled=\u00a0\u00bb0&Prime; global_colors_info=\u00a0\u00bb{%22gcid-1c75bb9c-15dc-45bc-9c0f-99f4d78ada43%22:%91%22header_2_text_color__hover%22,%22header_2_text_color%22%93}\u00a0\u00bb header_2_text_color__hover_enabled=\u00a0\u00bbon|hover\u00a0\u00bb header_2_text_color__hover=\u00a0\u00bb#c7b78a\u00a0\u00bb sticky_enabled=\u00a0\u00bb0&Prime;]<\/p>\n<h2><a href=\"https:\/\/www.gitesdomainedelachapelle.com\/category\/activites-idees\">Activit\u00e9s<\/a><\/h2>\n<p>[\/et_pb_text][et_pb_blog fullwidth=\u00a0\u00bboff\u00a0\u00bb posts_number=\u00a0\u00bb4&Prime; include_categories=\u00a0\u00bb18&Prime; show_author=\u00a0\u00bboff\u00a0\u00bb show_categories=\u00a0\u00bboff\u00a0\u00bb masonry_tile_background_color=\u00a0\u00bbgcid-1c75bb9c-15dc-45bc-9c0f-99f4d78ada43&Prime; _builder_version=\u00a0\u00bb4.27.6&Prime; _module_preset=\u00a0\u00bbdefault\u00a0\u00bb header_font=\u00a0\u00bbCinzel||||||||\u00a0\u00bb header_text_color=\u00a0\u00bb#FFFFFF\u00a0\u00bb header_font_size=\u00a0\u00bb16px\u00a0\u00bb body_font=\u00a0\u00bb&#8211;et_global_heading_font|300|||||||\u00a0\u00bb body_text_color=\u00a0\u00bb#FFFFFF\u00a0\u00bb meta_text_color=\u00a0\u00bb#FFFFFF\u00a0\u00bb global_colors_info=\u00a0\u00bb{%22gcid-f03e3bfb-6f30-4d13-ad7e-42c1343baa2e%22:%91%22header_text_color__hover%22%93,%22gcid-1c75bb9c-15dc-45bc-9c0f-99f4d78ada43%22:%91%22masonry_tile_background_color%22%93}\u00a0\u00bb header_text_color__hover_enabled=\u00a0\u00bbon|hover\u00a0\u00bb header_text_color__hover=\u00a0\u00bbgcid-f03e3bfb-6f30-4d13-ad7e-42c1343baa2e\u00a0\u00bb][\/et_pb_blog][\/et_pb_column][\/et_pb_row][et_pb_row _builder_version=\u00a0\u00bb4.27.6&Prime; _module_preset=\u00a0\u00bbdefault\u00a0\u00bb custom_padding=\u00a0\u00bb0px||||false|false\u00a0\u00bb global_colors_info=\u00a0\u00bb{}\u00a0\u00bb][et_pb_column type=\u00a0\u00bb4_4&Prime; _builder_version=\u00a0\u00bb4.27.5&Prime; _module_preset=\u00a0\u00bbdefault\u00a0\u00bb global_colors_info=\u00a0\u00bb{}\u00a0\u00bb][et_pb_text _builder_version=\u00a0\u00bb4.27.6&Prime; _module_preset=\u00a0\u00bbdefault\u00a0\u00bb header_2_font=\u00a0\u00bbCinzel||||||||\u00a0\u00bb header_2_text_color=\u00a0\u00bb#000000&Prime; hover_enabled=\u00a0\u00bb0&Prime; global_colors_info=\u00a0\u00bb{%22gcid-1c75bb9c-15dc-45bc-9c0f-99f4d78ada43%22:%91%22header_2_text_color__hover%22,%22header_2_text_color%22%93}\u00a0\u00bb header_2_text_color__hover_enabled=\u00a0\u00bbon|hover\u00a0\u00bb header_2_text_color__hover=\u00a0\u00bb#c7b78a\u00a0\u00bb sticky_enabled=\u00a0\u00bb0&Prime;]<\/p>\n<h2><a href=\"https:\/\/www.gitesdomainedelachapelle.com\/category\/activites-idees\">Ev\u00e9nements<\/a><\/h2>\n<p>[\/et_pb_text][et_pb_blog fullwidth=\u00a0\u00bboff\u00a0\u00bb posts_number=\u00a0\u00bb4&Prime; include_categories=\u00a0\u00bb18&Prime; show_author=\u00a0\u00bboff\u00a0\u00bb show_categories=\u00a0\u00bboff\u00a0\u00bb masonry_tile_background_color=\u00a0\u00bbgcid-1c75bb9c-15dc-45bc-9c0f-99f4d78ada43&Prime; _builder_version=\u00a0\u00bb4.27.6&Prime; _module_preset=\u00a0\u00bbdefault\u00a0\u00bb header_font=\u00a0\u00bbCinzel||||||||\u00a0\u00bb header_text_color=\u00a0\u00bb#FFFFFF\u00a0\u00bb header_font_size=\u00a0\u00bb16px\u00a0\u00bb body_font=\u00a0\u00bb&#8211;et_global_heading_font|300|||||||\u00a0\u00bb body_text_color=\u00a0\u00bb#FFFFFF\u00a0\u00bb meta_text_color=\u00a0\u00bb#FFFFFF\u00a0\u00bb hover_enabled=\u00a0\u00bb0&Prime; global_colors_info=\u00a0\u00bb{%22gcid-f03e3bfb-6f30-4d13-ad7e-42c1343baa2e%22:%91%22header_text_color__hover%22%93,%22gcid-1c75bb9c-15dc-45bc-9c0f-99f4d78ada43%22:%91%22masonry_tile_background_color%22%93}\u00a0\u00bb header_text_color__hover_enabled=\u00a0\u00bbon|hover\u00a0\u00bb header_text_color__hover=\u00a0\u00bbgcid-f03e3bfb-6f30-4d13-ad7e-42c1343baa2e\u00a0\u00bb sticky_enabled=\u00a0\u00bb0&Prime;][\/et_pb_blog][\/et_pb_column][\/et_pb_row][\/et_pb_section]<\/p>\n","protected":false},"excerpt":{"rendered":"<p>Bon plans &amp; Actualit\u00e9sD\u00e9couvrez nos recommandations et inspirations sur la C\u00f4te d\u2019Azur : visites incontournables, plages paradisiaques, villages proven\u00e7aux et activit\u00e9s autour de Nice, Cannes et Villeneuve-Loubet. Entre mer, soleil et art de vivre, explorez les plus belles exp\u00e9riences des Alpes-Maritimes pour un s\u00e9jour authentique et inoubliable.Villes &amp; VillagesPlagesRestaurants &amp; SortiesActivit\u00e9sEv\u00e9nements<\/p>","protected":false},"author":2,"featured_media":0,"parent":0,"menu_order":0,"comment_status":"closed","ping_status":"closed","template":"","meta":{"_et_pb_use_builder":"on","_et_pb_old_content":"","_et_gb_content_width":"","footnotes":""},"dipi_cpt_category":[],"class_list":["post-26570655","page","type-page","status-publish","hentry"],"yoast_head":"<!-- This site is optimized with the Yoast SEO plugin v27.4 - https:\/\/yoast.com\/product\/yoast-seo-wordpress\/ -->\n<title>Bons plans &amp; actus C\u00f4te d\u2019Azur | G\u00eetes Domaine de la Chapelle<\/title>\n<meta name=\"description\" content=\"D\u00e9couvrez nos bons plans, actualit\u00e9s locales, \u00e9v\u00e9nements, villages et id\u00e9es de sorties sur la C\u00f4te d\u2019Azur autour de Nice, Cannes et Antibes.\" \/>\n<meta name=\"robots\" content=\"index, follow, max-snippet:-1, max-image-preview:large, max-video-preview:-1\" \/>\n<link rel=\"canonical\" href=\"https:\/\/www.gitesdomainedelachapelle.com\/es\/bons-plans-actualites\/\" \/>\n<meta property=\"og:locale\" content=\"es_ES\" \/>\n<meta property=\"og:type\" content=\"article\" \/>\n<meta property=\"og:title\" content=\"Bons plans &amp; actus C\u00f4te d\u2019Azur | G\u00eetes Domaine de la Chapelle\" \/>\n<meta property=\"og:description\" content=\"D\u00e9couvrez nos bons plans, actualit\u00e9s locales, \u00e9v\u00e9nements, villages et id\u00e9es de sorties sur la C\u00f4te d\u2019Azur autour de Nice, Cannes et Antibes.\" \/>\n<meta property=\"og:url\" content=\"https:\/\/www.gitesdomainedelachapelle.com\/es\/bons-plans-actualites\/\" \/>\n<meta property=\"og:site_name\" content=\"G\u00eetes Domaine de la Chapelle\" \/>\n<meta property=\"article:modified_time\" content=\"2026-04-17T16:58:57+00:00\" \/>\n<meta name=\"twitter:card\" content=\"summary_large_image\" \/>\n<meta name=\"twitter:label1\" content=\"Tiempo de lectura\" \/>\n\t<meta name=\"twitter:data1\" content=\"1 minuto\" \/>\n<script type=\"application\/ld+json\" class=\"yoast-schema-graph\">{\"@context\":\"https:\\\/\\\/schema.org\",\"@graph\":[{\"@type\":\"WebPage\",\"@id\":\"https:\\\/\\\/www.gitesdomainedelachapelle.com\\\/bons-plans-actualites\\\/\",\"url\":\"https:\\\/\\\/www.gitesdomainedelachapelle.com\\\/bons-plans-actualites\\\/\",\"name\":\"Bons plans & actus C\u00f4te d\u2019Azur | G\u00eetes Domaine de la Chapelle\",\"isPartOf\":{\"@id\":\"https:\\\/\\\/www.gitesdomainedelachapelle.com\\\/#website\"},\"datePublished\":\"2025-10-22T15:39:02+00:00\",\"dateModified\":\"2026-04-17T16:58:57+00:00\",\"description\":\"D\u00e9couvrez nos bons plans, actualit\u00e9s locales, \u00e9v\u00e9nements, villages et id\u00e9es de sorties sur la C\u00f4te d\u2019Azur autour de Nice, Cannes et Antibes.\",\"breadcrumb\":{\"@id\":\"https:\\\/\\\/www.gitesdomainedelachapelle.com\\\/bons-plans-actualites\\\/#breadcrumb\"},\"inLanguage\":\"es\",\"potentialAction\":[{\"@type\":\"ReadAction\",\"target\":[\"https:\\\/\\\/www.gitesdomainedelachapelle.com\\\/bons-plans-actualites\\\/\"]}]},{\"@type\":\"BreadcrumbList\",\"@id\":\"https:\\\/\\\/www.gitesdomainedelachapelle.com\\\/bons-plans-actualites\\\/#breadcrumb\",\"itemListElement\":[{\"@type\":\"ListItem\",\"position\":1,\"name\":\"Accueil\",\"item\":\"https:\\\/\\\/www.gitesdomainedelachapelle.com\\\/fr_fr\\\/\"},{\"@type\":\"ListItem\",\"position\":2,\"name\":\"Bons plans &amp; Actualit\u00e9s\"}]},{\"@type\":\"WebSite\",\"@id\":\"https:\\\/\\\/www.gitesdomainedelachapelle.com\\\/#website\",\"url\":\"https:\\\/\\\/www.gitesdomainedelachapelle.com\\\/\",\"name\":\"Gites Domaine de la Chappelle\",\"description\":\"G\u00eetes de charme avec piscine chauff\u00e9e et jacuzzi privatif sur la C\u00f4te d\u2019Azur\",\"publisher\":{\"@id\":\"https:\\\/\\\/www.gitesdomainedelachapelle.com\\\/#organization\"},\"potentialAction\":[{\"@type\":\"SearchAction\",\"target\":{\"@type\":\"EntryPoint\",\"urlTemplate\":\"https:\\\/\\\/www.gitesdomainedelachapelle.com\\\/?s={search_term_string}\"},\"query-input\":{\"@type\":\"PropertyValueSpecification\",\"valueRequired\":true,\"valueName\":\"search_term_string\"}}],\"inLanguage\":\"es\"},{\"@type\":\"Organization\",\"@id\":\"https:\\\/\\\/www.gitesdomainedelachapelle.com\\\/#organization\",\"name\":\"Gites Domaine de la Chappelle\",\"url\":\"https:\\\/\\\/www.gitesdomainedelachapelle.com\\\/\",\"logo\":{\"@type\":\"ImageObject\",\"inLanguage\":\"es\",\"@id\":\"https:\\\/\\\/www.gitesdomainedelachapelle.com\\\/#\\\/schema\\\/logo\\\/image\\\/\",\"url\":\"https:\\\/\\\/www.gitesdomainedelachapelle.com\\\/wp-content\\\/uploads\\\/2025\\\/11\\\/LOGO-removebg-preview-1.webp\",\"contentUrl\":\"https:\\\/\\\/www.gitesdomainedelachapelle.com\\\/wp-content\\\/uploads\\\/2025\\\/11\\\/LOGO-removebg-preview-1.webp\",\"width\":300,\"height\":300,\"caption\":\"Gites Domaine de la Chappelle\"},\"image\":{\"@id\":\"https:\\\/\\\/www.gitesdomainedelachapelle.com\\\/#\\\/schema\\\/logo\\\/image\\\/\"}}]}<\/script>\n<!-- \/ Yoast SEO plugin. -->","yoast_head_json":{"title":"Bons plans & actus C\u00f4te d\u2019Azur | G\u00eetes Domaine de la Chapelle","description":"D\u00e9couvrez nos bons plans, actualit\u00e9s locales, \u00e9v\u00e9nements, villages et id\u00e9es de sorties sur la C\u00f4te d\u2019Azur autour de Nice, Cannes et Antibes.","robots":{"index":"index","follow":"follow","max-snippet":"max-snippet:-1","max-image-preview":"max-image-preview:large","max-video-preview":"max-video-preview:-1"},"canonical":"https:\/\/www.gitesdomainedelachapelle.com\/es\/bons-plans-actualites\/","og_locale":"es_ES","og_type":"article","og_title":"Bons plans & actus C\u00f4te d\u2019Azur | G\u00eetes Domaine de la Chapelle","og_description":"D\u00e9couvrez nos bons plans, actualit\u00e9s locales, \u00e9v\u00e9nements, villages et id\u00e9es de sorties sur la C\u00f4te d\u2019Azur autour de Nice, Cannes et Antibes.","og_url":"https:\/\/www.gitesdomainedelachapelle.com\/es\/bons-plans-actualites\/","og_site_name":"G\u00eetes Domaine de la Chapelle","article_modified_time":"2026-04-17T16:58:57+00:00","twitter_card":"summary_large_image","twitter_misc":{"Tiempo de lectura":"1 minuto"},"schema":{"@context":"https:\/\/schema.org","@graph":[{"@type":"WebPage","@id":"https:\/\/www.gitesdomainedelachapelle.com\/bons-plans-actualites\/","url":"https:\/\/www.gitesdomainedelachapelle.com\/bons-plans-actualites\/","name":"Bons plans & actus C\u00f4te d\u2019Azur | G\u00eetes Domaine de la Chapelle","isPartOf":{"@id":"https:\/\/www.gitesdomainedelachapelle.com\/#website"},"datePublished":"2025-10-22T15:39:02+00:00","dateModified":"2026-04-17T16:58:57+00:00","description":"D\u00e9couvrez nos bons plans, actualit\u00e9s locales, \u00e9v\u00e9nements, villages et id\u00e9es de sorties sur la C\u00f4te d\u2019Azur autour de Nice, Cannes et Antibes.","breadcrumb":{"@id":"https:\/\/www.gitesdomainedelachapelle.com\/bons-plans-actualites\/#breadcrumb"},"inLanguage":"es","potentialAction":[{"@type":"ReadAction","target":["https:\/\/www.gitesdomainedelachapelle.com\/bons-plans-actualites\/"]}]},{"@type":"BreadcrumbList","@id":"https:\/\/www.gitesdomainedelachapelle.com\/bons-plans-actualites\/#breadcrumb","itemListElement":[{"@type":"ListItem","position":1,"name":"Accueil","item":"https:\/\/www.gitesdomainedelachapelle.com\/fr_fr\/"},{"@type":"ListItem","position":2,"name":"Bons plans &amp; Actualit\u00e9s"}]},{"@type":"WebSite","@id":"https:\/\/www.gitesdomainedelachapelle.com\/#website","url":"https:\/\/www.gitesdomainedelachapelle.com\/","name":"Gites Domaine de la Chappelle","description":"G\u00eetes de charme avec piscine chauff\u00e9e et jacuzzi privatif sur la C\u00f4te d\u2019Azur","publisher":{"@id":"https:\/\/www.gitesdomainedelachapelle.com\/#organization"},"potentialAction":[{"@type":"SearchAction","target":{"@type":"EntryPoint","urlTemplate":"https:\/\/www.gitesdomainedelachapelle.com\/?s={search_term_string}"},"query-input":{"@type":"PropertyValueSpecification","valueRequired":true,"valueName":"search_term_string"}}],"inLanguage":"es"},{"@type":"Organization","@id":"https:\/\/www.gitesdomainedelachapelle.com\/#organization","name":"Gites Domaine de la Chappelle","url":"https:\/\/www.gitesdomainedelachapelle.com\/","logo":{"@type":"ImageObject","inLanguage":"es","@id":"https:\/\/www.gitesdomainedelachapelle.com\/#\/schema\/logo\/image\/","url":"https:\/\/www.gitesdomainedelachapelle.com\/wp-content\/uploads\/2025\/11\/LOGO-removebg-preview-1.webp","contentUrl":"https:\/\/www.gitesdomainedelachapelle.com\/wp-content\/uploads\/2025\/11\/LOGO-removebg-preview-1.webp","width":300,"height":300,"caption":"Gites Domaine de la Chappelle"},"image":{"@id":"https:\/\/www.gitesdomainedelachapelle.com\/#\/schema\/logo\/image\/"}}]}},"_links":{"self":[{"href":"https:\/\/www.gitesdomainedelachapelle.com\/es\/wp-json\/wp\/v2\/pages\/26570655","targetHints":{"allow":["GET"]}}],"collection":[{"href":"https:\/\/www.gitesdomainedelachapelle.com\/es\/wp-json\/wp\/v2\/pages"}],"about":[{"href":"https:\/\/www.gitesdomainedelachapelle.com\/es\/wp-json\/wp\/v2\/types\/page"}],"author":[{"embeddable":true,"href":"https:\/\/www.gitesdomainedelachapelle.com\/es\/wp-json\/wp\/v2\/users\/2"}],"replies":[{"embeddable":true,"href":"https:\/\/www.gitesdomainedelachapelle.com\/es\/wp-json\/wp\/v2\/comments?post=26570655"}],"version-history":[{"count":39,"href":"https:\/\/www.gitesdomainedelachapelle.com\/es\/wp-json\/wp\/v2\/pages\/26570655\/revisions"}],"predecessor-version":[{"id":26572027,"href":"https:\/\/www.gitesdomainedelachapelle.com\/es\/wp-json\/wp\/v2\/pages\/26570655\/revisions\/26572027"}],"wp:attachment":[{"href":"https:\/\/www.gitesdomainedelachapelle.com\/es\/wp-json\/wp\/v2\/media?parent=26570655"}],"wp:term":[{"taxonomy":"dipi_cpt_category","embeddable":true,"href":"https:\/\/www.gitesdomainedelachapelle.com\/es\/wp-json\/wp\/v2\/dipi_cpt_category?post=26570655"}],"curies":[{"name":"wp","href":"https:\/\/api.w.org\/{rel}","templated":true}]}}