{"id":25,"date":"2025-07-31T14:12:06","date_gmt":"2025-07-31T14:12:06","guid":{"rendered":"http:\/\/nouveau.gitesdomainedelachapelle.com\/?page_id=25"},"modified":"2026-04-17T17:44:58","modified_gmt":"2026-04-17T16:44:58","slug":"reglement","status":"publish","type":"page","link":"https:\/\/www.gitesdomainedelachapelle.com\/nl\/reglement\/","title":{"rendered":"R\u00e9glement"},"content":{"rendered":"<p>[et_pb_section fb_built=\u00a0\u00bb1&Prime; custom_padding_last_edited=\u00a0\u00bbon|phone\u00a0\u00bb _builder_version=\u00a0\u00bb4.27.4&Prime; _module_preset=\u00a0\u00bbdefault\u00a0\u00bb custom_padding=\u00a0\u00bb||3px|||\u00a0\u00bb custom_padding_tablet=\u00a0\u00bb||3px|||\u00a0\u00bb custom_padding_phone=\u00a0\u00bb0px||3px||false|false\u00a0\u00bb global_colors_info=\u00a0\u00bb{}\u00a0\u00bb][et_pb_row _builder_version=\u00a0\u00bb4.20.4&Prime; _module_preset=\u00a0\u00bbdefault\u00a0\u00bb custom_padding=\u00a0\u00bb||10px||false|false\u00a0\u00bb global_colors_info=\u00a0\u00bb{}\u00a0\u00bb][et_pb_column type=\u00a0\u00bb4_4&Prime; _builder_version=\u00a0\u00bb4.20.4&Prime; _module_preset=\u00a0\u00bbdefault\u00a0\u00bb global_colors_info=\u00a0\u00bb{}\u00a0\u00bb][et_pb_text _builder_version=\u00a0\u00bb4.27.4&Prime; _module_preset=\u00a0\u00bbdefault\u00a0\u00bb header_font=\u00a0\u00bbCinzel||||||||\u00a0\u00bb header_text_align=\u00a0\u00bbcenter\u00a0\u00bb header_font_size_tablet=\u00a0\u00bb45px\u00a0\u00bb global_colors_info=\u00a0\u00bb{}\u00a0\u00bb]<\/p>\n<h1>Reglement<\/h1>\n<p>[\/et_pb_text][et_pb_divider divider_weight=\u00a0\u00bb1px\u00a0\u00bb _builder_version=\u00a0\u00bb4.27.5&Prime; _module_preset=\u00a0\u00bbdefault\u00a0\u00bb width=\u00a0\u00bb135px\u00a0\u00bb module_alignment=\u00a0\u00bbcenter\u00a0\u00bb global_colors_info=\u00a0\u00bb{%22gcid-1c75bb9c-15dc-45bc-9c0f-99f4d78ada43%22:%91%22color%22%93}\u00a0\u00bb][\/et_pb_divider][\/et_pb_column][\/et_pb_row][\/et_pb_section][et_pb_section fb_built=\u00a0\u00bb1&Prime; _builder_version=\u00a0\u00bb4.27.4&Prime; _module_preset=\u00a0\u00bbdefault\u00a0\u00bb custom_padding=\u00a0\u00bb5px|||||\u00a0\u00bb global_colors_info=\u00a0\u00bb{}\u00a0\u00bb][et_pb_row custom_padding_last_edited=\u00a0\u00bbon|phone\u00a0\u00bb _builder_version=\u00a0\u00bb4.27.4&Prime; _module_preset=\u00a0\u00bbdefault\u00a0\u00bb width_tablet=\u00a0\u00bb80%\u00a0\u00bb width_phone=\u00a0\u00bb90%\u00a0\u00bb width_last_edited=\u00a0\u00bbon|phone\u00a0\u00bb custom_padding=\u00a0\u00bb0px||||false|false\u00a0\u00bb custom_padding_tablet=\u00a0\u00bb0px||||false|false\u00a0\u00bb custom_padding_phone=\u00a0\u00bb0px||0px||false|false\u00a0\u00bb global_colors_info=\u00a0\u00bb{}\u00a0\u00bb][et_pb_column type=\u00a0\u00bb4_4&Prime; _builder_version=\u00a0\u00bb4.27.4&Prime; _module_preset=\u00a0\u00bbdefault\u00a0\u00bb global_colors_info=\u00a0\u00bb{}\u00a0\u00bb][et_pb_text _builder_version=\u00a0\u00bb4.27.6&Prime; _module_preset=\u00a0\u00bbdefault\u00a0\u00bb text_font=\u00a0\u00bbOpen Sans|300|||||||\u00a0\u00bb text_text_color=\u00a0\u00bb#000000&Prime; text_font_size=\u00a0\u00bb16px\u00a0\u00bb text_line_height=\u00a0\u00bb1.5em\u00a0\u00bb header_font=\u00a0\u00bb&#8211;et_global_body_font||||||||\u00a0\u00bb header_2_font=\u00a0\u00bbCinzel|300|||||||\u00a0\u00bb header_2_line_height=\u00a0\u00bb1.5em\u00a0\u00bb hover_enabled=\u00a0\u00bb0&Prime; text_line_height_tablet=\u00a0\u00bb1.8em\u00a0\u00bb text_line_height_phone=\u00a0\u00bb1.8em\u00a0\u00bb text_line_height_last_edited=\u00a0\u00bbon|tablet\u00a0\u00bb header_2_font_size_tablet=\u00a0\u00bb\u00a0\u00bb header_2_font_size_phone=\u00a0\u00bb23px\u00a0\u00bb header_2_font_size_last_edited=\u00a0\u00bbon|phone\u00a0\u00bb global_colors_info=\u00a0\u00bb{}\u00a0\u00bb sticky_enabled=\u00a0\u00bb0&Prime;]<\/p>\n<h2>Calme et discr\u00e9tion<\/h2>\n<p>Nous demandons \u00e0 nos h\u00f4tes de faire preuve de calme et de discr\u00e9tion et de ne pas mettre de musique en terrasse, afin de respecter les autres locataires et de pr\u00e9server la tranquillit\u00e9 du voisinage.<\/p>\n<h2>Restrictions sur les f\u00eates et animaux<\/h2>\n<p>Notre logement n&rsquo;est pas adapt\u00e9 aux f\u00eates, aux b\u00e9b\u00e9s (uniquement sur demande), et aux animaux.<\/p>\n<p>Cependant, nous pouvons faire une exception pour les petits chiens, uniquement sur demande pr\u00e9alable et sous r\u00e9serve de certaines conditions : il doit rester calme, sans aboiement, propre et respecter la tranquillit\u00e9 des lieux. Ne pas laissez seul votre chien en cas d&rsquo;absence dans l&rsquo;appartement. Un suppl\u00e9ment de 10 \u20ac par nuit\u00e9e sera appliqu\u00e9.<\/p>\n<h2>Conditions de r\u00e9servation<\/h2>\n<p>Appartement r\u00e9serv\u00e9 aux seuls h\u00f4tes. Il n&rsquo;est pas autoris\u00e9 plus de voyageurs que celui indiqu\u00e9 lors de la r\u00e9servation.<br \/>\nTout d\u00e9part tardif apr\u00e8s 10h sera factur\u00e9 (30 \u20ac\/h) et uniquement sur demande.<\/p>\n<h2>R\u00e8gles concernant le tabac<\/h2>\n<p>Il est interdit de fumer dans l&rsquo;appartement, mais nous mettons \u00e0 disposition un cendrier sur la table de la terrasse ext\u00e9rieure.<\/p>\n<h2>Climatisation &amp; Chauffage \u2013 Bonnes pratiques<\/h2>\n<p><strong>Climatisation l&rsquo;\u00e9t\u00e9<\/strong><\/p>\n<p>\u2022 R\u00e9glez entre 25\u00b0C et 27\u00b0C<br \/>\n\u2022 Ne pas descendre sous 22\u00b0C<\/p>\n<p><strong>Chauffage l&rsquo;hiver<\/strong><\/p>\n<p>\u2022 R\u00e9glez entre 19\u00b0C et 21\u00b0C<br \/>\n\u2022 Ne pas d\u00e9passer 25\u00b0C<br \/>\n\u2022 \u00c9vitez un \u00e9cart sup\u00e9rieur \u00e0 6-7\u00b0C avec la temp\u00e9rature ext\u00e9rieure<br \/>\n\u2022 \u00c9teignez les appareils en cas d&rsquo;absence<br \/>\n\u2022 Gardez portes et fen\u00eatres ferm\u00e9es<\/p>\n<p>Merci pour votre usage eco responsable<\/p>\n<h2>Proc\u00e9dures de d\u00e9part<\/h2>\n<p>\u2022 D\u00e9poser les serviettes et torchons dans la douche<br \/>\n\u2022 Passer un l\u00e9ger coup d&rsquo;aspirateur sans fil (disponible dans l\u2019appartement)<br \/>\n\u2022 Vider les poubelles dans les conteneurs \u00e0 l&rsquo;entr\u00e9e<br \/>\n\u2022 Laver et ranger la vaisselle<br \/>\n\u2022 Rincer la douche et le lavabo<\/p>\n<p>En cas de non-respect de ces consignes, un suppl\u00e9ment de 30 \u20ac pourra \u00eatre appliqu\u00e9.<\/p>\n<h2>Caution<\/h2>\n<p>Avant votre arriv\u00e9e, une pr\u00e9-autorisation par CB de 500 \u20ac sera retenue pour la caution.<\/p>\n<h2>R\u00e8gles sp\u00e9cifiques des appartements avec piscine<\/h2>\n<p>Sauts et plongeons interdits.<\/p>\n<h2>Entretien du jacuzzi<\/h2>\n<p>Il est possible que, pendant votre s\u00e9jour, nous entrions dans l&rsquo;appartement en votre absence pour l&rsquo;entretien n\u00e9cessaire du jacuzzi ou autre.<br \/>\nVotre respect de ces consignes nous aide \u00e0 vous offrir un s\u00e9jour inoubliable.[\/et_pb_text][\/et_pb_column][\/et_pb_row][\/et_pb_section]<\/p>\n","protected":false},"excerpt":{"rendered":"<p>ReglementCalme et discr\u00e9tion Nous demandons \u00e0 nos h\u00f4tes de faire preuve de calme et de discr\u00e9tion et de ne pas mettre de musique en terrasse, afin de respecter les autres locataires et de pr\u00e9server la tranquillit\u00e9 du voisinage. Restrictions sur les f\u00eates et animaux Notre logement n&rsquo;est pas adapt\u00e9 aux f\u00eates, aux b\u00e9b\u00e9s (uniquement sur [&hellip;]<\/p>\n","protected":false},"author":2,"featured_media":0,"parent":0,"menu_order":0,"comment_status":"closed","ping_status":"closed","template":"","meta":{"_et_pb_use_builder":"on","_et_pb_old_content":"","_et_gb_content_width":"","footnotes":""},"dipi_cpt_category":[],"class_list":["post-25","page","type-page","status-publish","hentry"],"yoast_head":"<!-- This site is optimized with the Yoast SEO plugin v27.4 - https:\/\/yoast.com\/product\/yoast-seo-wordpress\/ -->\n<title>R\u00e8glement \u2013 G\u00eetes Domaine de la Chapelle<\/title>\n<meta name=\"description\" content=\"R\u00e8glement int\u00e9rieur des G\u00eetes Domaine de la Chapelle, conditions de s\u00e9jour, r\u00e8gles d\u2019utilisation et informations pratiques pour les voyageurs.\" \/>\n<meta name=\"robots\" content=\"index, follow, max-snippet:-1, max-image-preview:large, max-video-preview:-1\" \/>\n<link rel=\"canonical\" href=\"https:\/\/www.gitesdomainedelachapelle.com\/nl\/reglement\/\" \/>\n<meta property=\"og:locale\" content=\"nl_NL\" \/>\n<meta property=\"og:type\" content=\"article\" \/>\n<meta property=\"og:title\" content=\"R\u00e8glement \u2013 G\u00eetes Domaine de la Chapelle\" \/>\n<meta property=\"og:description\" content=\"R\u00e8glement int\u00e9rieur des G\u00eetes Domaine de la Chapelle, conditions de s\u00e9jour, r\u00e8gles d\u2019utilisation et informations pratiques pour les voyageurs.\" \/>\n<meta property=\"og:url\" content=\"https:\/\/www.gitesdomainedelachapelle.com\/nl\/reglement\/\" \/>\n<meta property=\"og:site_name\" content=\"G\u00eetes Domaine de la Chapelle\" \/>\n<meta property=\"article:modified_time\" content=\"2026-04-17T16:44:58+00:00\" \/>\n<meta name=\"twitter:card\" content=\"summary_large_image\" \/>\n<meta name=\"twitter:label1\" content=\"Est. reading time\" \/>\n\t<meta name=\"twitter:data1\" content=\"2 minuten\" \/>\n<script type=\"application\/ld+json\" class=\"yoast-schema-graph\">{\"@context\":\"https:\\\/\\\/schema.org\",\"@graph\":[{\"@type\":\"WebPage\",\"@id\":\"https:\\\/\\\/www.gitesdomainedelachapelle.com\\\/reglement\\\/\",\"url\":\"https:\\\/\\\/www.gitesdomainedelachapelle.com\\\/reglement\\\/\",\"name\":\"R\u00e8glement \u2013 G\u00eetes Domaine de la Chapelle\",\"isPartOf\":{\"@id\":\"https:\\\/\\\/www.gitesdomainedelachapelle.com\\\/#website\"},\"datePublished\":\"2025-07-31T14:12:06+00:00\",\"dateModified\":\"2026-04-17T16:44:58+00:00\",\"description\":\"R\u00e8glement int\u00e9rieur des G\u00eetes Domaine de la Chapelle, conditions de s\u00e9jour, r\u00e8gles d\u2019utilisation et informations pratiques pour les voyageurs.\",\"breadcrumb\":{\"@id\":\"https:\\\/\\\/www.gitesdomainedelachapelle.com\\\/reglement\\\/#breadcrumb\"},\"inLanguage\":\"nl-NL\",\"potentialAction\":[{\"@type\":\"ReadAction\",\"target\":[\"https:\\\/\\\/www.gitesdomainedelachapelle.com\\\/reglement\\\/\"]}]},{\"@type\":\"BreadcrumbList\",\"@id\":\"https:\\\/\\\/www.gitesdomainedelachapelle.com\\\/reglement\\\/#breadcrumb\",\"itemListElement\":[{\"@type\":\"ListItem\",\"position\":1,\"name\":\"Accueil\",\"item\":\"https:\\\/\\\/www.gitesdomainedelachapelle.com\\\/fr_fr\\\/\"},{\"@type\":\"ListItem\",\"position\":2,\"name\":\"R\u00e9glement\"}]},{\"@type\":\"WebSite\",\"@id\":\"https:\\\/\\\/www.gitesdomainedelachapelle.com\\\/#website\",\"url\":\"https:\\\/\\\/www.gitesdomainedelachapelle.com\\\/\",\"name\":\"Gites Domaine de la Chappelle\",\"description\":\"G\u00eetes de charme avec piscine chauff\u00e9e et jacuzzi privatif sur la C\u00f4te d\u2019Azur\",\"publisher\":{\"@id\":\"https:\\\/\\\/www.gitesdomainedelachapelle.com\\\/#organization\"},\"potentialAction\":[{\"@type\":\"SearchAction\",\"target\":{\"@type\":\"EntryPoint\",\"urlTemplate\":\"https:\\\/\\\/www.gitesdomainedelachapelle.com\\\/?s={search_term_string}\"},\"query-input\":{\"@type\":\"PropertyValueSpecification\",\"valueRequired\":true,\"valueName\":\"search_term_string\"}}],\"inLanguage\":\"nl-NL\"},{\"@type\":\"Organization\",\"@id\":\"https:\\\/\\\/www.gitesdomainedelachapelle.com\\\/#organization\",\"name\":\"Gites Domaine de la Chappelle\",\"url\":\"https:\\\/\\\/www.gitesdomainedelachapelle.com\\\/\",\"logo\":{\"@type\":\"ImageObject\",\"inLanguage\":\"nl-NL\",\"@id\":\"https:\\\/\\\/www.gitesdomainedelachapelle.com\\\/#\\\/schema\\\/logo\\\/image\\\/\",\"url\":\"https:\\\/\\\/www.gitesdomainedelachapelle.com\\\/wp-content\\\/uploads\\\/2025\\\/11\\\/LOGO-removebg-preview-1.webp\",\"contentUrl\":\"https:\\\/\\\/www.gitesdomainedelachapelle.com\\\/wp-content\\\/uploads\\\/2025\\\/11\\\/LOGO-removebg-preview-1.webp\",\"width\":300,\"height\":300,\"caption\":\"Gites Domaine de la Chappelle\"},\"image\":{\"@id\":\"https:\\\/\\\/www.gitesdomainedelachapelle.com\\\/#\\\/schema\\\/logo\\\/image\\\/\"}}]}<\/script>\n<!-- \/ Yoast SEO plugin. -->","yoast_head_json":{"title":"R\u00e8glement \u2013 G\u00eetes Domaine de la Chapelle","description":"R\u00e8glement int\u00e9rieur des G\u00eetes Domaine de la Chapelle, conditions de s\u00e9jour, r\u00e8gles d\u2019utilisation et informations pratiques pour les voyageurs.","robots":{"index":"index","follow":"follow","max-snippet":"max-snippet:-1","max-image-preview":"max-image-preview:large","max-video-preview":"max-video-preview:-1"},"canonical":"https:\/\/www.gitesdomainedelachapelle.com\/nl\/reglement\/","og_locale":"nl_NL","og_type":"article","og_title":"R\u00e8glement \u2013 G\u00eetes Domaine de la Chapelle","og_description":"R\u00e8glement int\u00e9rieur des G\u00eetes Domaine de la Chapelle, conditions de s\u00e9jour, r\u00e8gles d\u2019utilisation et informations pratiques pour les voyageurs.","og_url":"https:\/\/www.gitesdomainedelachapelle.com\/nl\/reglement\/","og_site_name":"G\u00eetes Domaine de la Chapelle","article_modified_time":"2026-04-17T16:44:58+00:00","twitter_card":"summary_large_image","twitter_misc":{"Est. reading time":"2 minuten"},"schema":{"@context":"https:\/\/schema.org","@graph":[{"@type":"WebPage","@id":"https:\/\/www.gitesdomainedelachapelle.com\/reglement\/","url":"https:\/\/www.gitesdomainedelachapelle.com\/reglement\/","name":"R\u00e8glement \u2013 G\u00eetes Domaine de la Chapelle","isPartOf":{"@id":"https:\/\/www.gitesdomainedelachapelle.com\/#website"},"datePublished":"2025-07-31T14:12:06+00:00","dateModified":"2026-04-17T16:44:58+00:00","description":"R\u00e8glement int\u00e9rieur des G\u00eetes Domaine de la Chapelle, conditions de s\u00e9jour, r\u00e8gles d\u2019utilisation et informations pratiques pour les voyageurs.","breadcrumb":{"@id":"https:\/\/www.gitesdomainedelachapelle.com\/reglement\/#breadcrumb"},"inLanguage":"nl-NL","potentialAction":[{"@type":"ReadAction","target":["https:\/\/www.gitesdomainedelachapelle.com\/reglement\/"]}]},{"@type":"BreadcrumbList","@id":"https:\/\/www.gitesdomainedelachapelle.com\/reglement\/#breadcrumb","itemListElement":[{"@type":"ListItem","position":1,"name":"Accueil","item":"https:\/\/www.gitesdomainedelachapelle.com\/fr_fr\/"},{"@type":"ListItem","position":2,"name":"R\u00e9glement"}]},{"@type":"WebSite","@id":"https:\/\/www.gitesdomainedelachapelle.com\/#website","url":"https:\/\/www.gitesdomainedelachapelle.com\/","name":"Gites Domaine de la Chappelle","description":"G\u00eetes de charme avec piscine chauff\u00e9e et jacuzzi privatif sur la C\u00f4te d\u2019Azur","publisher":{"@id":"https:\/\/www.gitesdomainedelachapelle.com\/#organization"},"potentialAction":[{"@type":"SearchAction","target":{"@type":"EntryPoint","urlTemplate":"https:\/\/www.gitesdomainedelachapelle.com\/?s={search_term_string}"},"query-input":{"@type":"PropertyValueSpecification","valueRequired":true,"valueName":"search_term_string"}}],"inLanguage":"nl-NL"},{"@type":"Organization","@id":"https:\/\/www.gitesdomainedelachapelle.com\/#organization","name":"Gites Domaine de la Chappelle","url":"https:\/\/www.gitesdomainedelachapelle.com\/","logo":{"@type":"ImageObject","inLanguage":"nl-NL","@id":"https:\/\/www.gitesdomainedelachapelle.com\/#\/schema\/logo\/image\/","url":"https:\/\/www.gitesdomainedelachapelle.com\/wp-content\/uploads\/2025\/11\/LOGO-removebg-preview-1.webp","contentUrl":"https:\/\/www.gitesdomainedelachapelle.com\/wp-content\/uploads\/2025\/11\/LOGO-removebg-preview-1.webp","width":300,"height":300,"caption":"Gites Domaine de la Chappelle"},"image":{"@id":"https:\/\/www.gitesdomainedelachapelle.com\/#\/schema\/logo\/image\/"}}]}},"_links":{"self":[{"href":"https:\/\/www.gitesdomainedelachapelle.com\/nl\/wp-json\/wp\/v2\/pages\/25","targetHints":{"allow":["GET"]}}],"collection":[{"href":"https:\/\/www.gitesdomainedelachapelle.com\/nl\/wp-json\/wp\/v2\/pages"}],"about":[{"href":"https:\/\/www.gitesdomainedelachapelle.com\/nl\/wp-json\/wp\/v2\/types\/page"}],"author":[{"embeddable":true,"href":"https:\/\/www.gitesdomainedelachapelle.com\/nl\/wp-json\/wp\/v2\/users\/2"}],"replies":[{"embeddable":true,"href":"https:\/\/www.gitesdomainedelachapelle.com\/nl\/wp-json\/wp\/v2\/comments?post=25"}],"version-history":[{"count":18,"href":"https:\/\/www.gitesdomainedelachapelle.com\/nl\/wp-json\/wp\/v2\/pages\/25\/revisions"}],"predecessor-version":[{"id":26572024,"href":"https:\/\/www.gitesdomainedelachapelle.com\/nl\/wp-json\/wp\/v2\/pages\/25\/revisions\/26572024"}],"wp:attachment":[{"href":"https:\/\/www.gitesdomainedelachapelle.com\/nl\/wp-json\/wp\/v2\/media?parent=25"}],"wp:term":[{"taxonomy":"dipi_cpt_category","embeddable":true,"href":"https:\/\/www.gitesdomainedelachapelle.com\/nl\/wp-json\/wp\/v2\/dipi_cpt_category?post=25"}],"curies":[{"name":"wp","href":"https:\/\/api.w.org\/{rel}","templated":true}]}}